{"id":14,"date":"2025-02-12T14:44:41","date_gmt":"2025-02-12T14:44:41","guid":{"rendered":"https:\/\/marokkoferien.ch\/hotel-term-condition\/"},"modified":"2025-02-17T06:47:28","modified_gmt":"2025-02-17T05:47:28","slug":"agb","status":"publish","type":"page","link":"https:\/\/marokkoferien.ch\/fr\/agb\/","title":{"rendered":"Conditions g\u00e9n\u00e9rales"},"content":{"rendered":"<div data-elementor-type=\"wp-page\" data-elementor-id=\"14\" class=\"elementor elementor-14\">\n\t\t\t\t<div class=\"elementor-element elementor-element-3e7eca3e e-flex e-con-boxed e-con e-parent\" data-id=\"3e7eca3e\" data-element_type=\"container\" data-e-type=\"container\">\n\t\t\t\t\t<div class=\"e-con-inner\">\n\t\t\t\t<div class=\"elementor-element elementor-element-782d7175 elementor-widget elementor-widget-text-editor\" data-id=\"782d7175\" data-element_type=\"widget\" data-e-type=\"widget\" data-widget_type=\"text-editor.default\">\n\t\t\t\t\t\t\t\t\t<h1>Allgemeine Gesch\u00e4ftsbedingungen<\/h1><h3>1. Geltungsbereich und Vertragspartner<\/h3><p>Diese allgemeinen Gesch\u00e4ftsbedingungen gelten f\u00fcr alle Bestellungen, die in der Schweiz oder im F\u00fcrstentum Liechtenstein wohnhafte Kunden t\u00e4tigen. Der Kaufvertrag kommt zustande mit Marokkoferien.ch, Untergasse 2, 4538 Oberbipp.<\/p><hr \/><h3>2. Angebot und Vertragsschluss<\/h3><p>Mit der Bestellung der Produkte geben Sie eine verbindliche Bestellung ab. \u00a0Diese Best\u00e4tigung stellt noch keine Vertragsannahme, sondern lediglich eine Bestellbest\u00e4tigung dar. Der Kaufvertrag kommt erst zustande, unabh\u00e4ngig von der Zahlungsart, wenn Marokkoferien.ch die Bestellung schriftlich best\u00e4tigt. Der Vertrag kommt nur \u00fcber diejenigen Artikel zustande, die in unserer Rechnung, der Auftragsbest\u00e4tigung oder der Versandbest\u00e4tigung ausdr\u00fccklich aufgef\u00fchrt sind. Bei Zahlung durch Vorkasse wird der Eingang der Vorauszahlung durch Marokkoferien.ch best\u00e4tigt. Der Vertragsabschluss erfolgt in deutscher Sprache.<\/p><hr \/><h3>3. R\u00fcckgaberecht<\/h3><p>Sie k\u00f6nnen ohne Angaben von Gr\u00fcnden innerhalb von 24 Stunden nach Zahlung zur\u00fccktreten.<br \/>Die Aus\u00fcbung des R\u00fcckgaberechts f\u00fchrt zur Umwandlung des Kaufvertrages in ein R\u00fcckgabeverh\u00e4ltnis, wonach die im Rahmen des Kaufvertrages empfangenen Leistungen zur\u00fcckerstattet werden m\u00fcssen.<\/p><hr \/><h3>4. Preise und Versandkosten<\/h3><p><b>4.1 Preise<\/b><br \/>Die auf den Produkteseiten genannten Preise enthalten die gesetzliche Mehrwertsteuer und sonstigen Preisbestandteile und verstehen sich in Schweizer Franken (CHF). Es gelten jeweils die g\u00fcltigen Preise zum Zeitpunkt des Eingangs der Bestellung bei uns.<\/p><p>\u00a0<\/p><hr \/><h3>5. Zahlungsbedingungen<\/h3><p><b>Sie haben die Wahl zwischen folgenden Zahlungsm\u00f6glichkeiten:<\/b><\/p><p><b>6.1 Kauf per PayPal<\/b><br \/>Bei Kauf per PayPal wird der Betrag direkt nach Auftragseingang Ihrem PayPal Konto belastet.<\/p><p><b>6.2 Kauf per Bank\u00fcberweisung<\/b><br \/>Bei Kauf per Bank\u00fcberweisung wird der Betrag nach Auftragseingang Ihrem Bank Konto belastet.<\/p><p><b>Kontoauszug<\/b><br \/>Sofern Ihr Konto nicht ausgeglichen ist, orientieren wir Sie monatlich mit einer Konto\u00fcbersicht \u00fcber Ihre Zahlungen.<\/p><hr \/><h3>6. Zahlungsverzug \/ Mahnung \/ Inkasso<\/h3><p>Der Kaufpreis wird auf Rechnung innert 10 Tagen nach Zustellung der Rechnung f\u00e4llig. Erfolgt die Zahlung nicht innerhalb dieser Frist, ger\u00e4t der Kunde in Verzug.<br \/>Die Marokkoferien.ch mahnt im Verzugsfall den Kunden schriftlich. Folgende Geb\u00fchren werden mit der Mahnung der Forderung f\u00e4llig:<br \/><b>Mahnstufe 1 Fr. 20.-, Mahnstufe 2 Fr. 40.-, Mahnstufe 3 Fr. 100.-,\u00a0<\/b><br \/>Neben den Mahngeb\u00fchren fallen zus\u00e4tzlich Verzugszinsen in der gesetzlichen vorgesehenen H\u00f6he ab F\u00e4lligkeit der Forderung an.<br \/>Der offene Rechnungsbetrag (inkl. Verzugszinsen und Mahngeb\u00fchren) kann zum Zwecke des Inkassos an Dritte abgegeben oder verkauft werden. Die Marokkoferien.ch ist berechtigt, die Kosten f\u00fcr die Abtretung der Forderung bei \u00dcbergabe an das Inkassob\u00fcro zu belasten. Weiter ist das Inkasso-Unternehmen berechtigt, einen Verzugsschaden gegen\u00fcber dem Kunden zu verrechnen.<\/p><hr \/><h3>7. Speicherungsm\u00f6glichkeiten \/ Speicherung Vertragstext<\/h3><p>Sie k\u00f6nnen diese Allgemeinen Gesch\u00e4ftsbedingungen ferner als PDF downloaden, abspeichern oder ausdrucken. Bei Online-Bestellungen speichern wir den Vertragstext. Die Bestelldaten werden Ihnen per E-Mail in der Eingangsbest\u00e4tigung nach Ihrer Bestellung zugesendet (eine fehlerhafte Angabe der E-Mail Adresse geht zu Ihren Lasten).<\/p><hr \/><h3>8. Haftungsausschluss<\/h3><p>Die Marokkoferien.ch schliesst die Haftung f\u00fcr leicht fahrl\u00e4ssige Vertragsverletzungen aus, soweit dies nicht gegen zwingende rechtliche Vorgaben verst\u00f6sst. Gleiches gilt f\u00fcr Vertragsverletzungen von Hilfspersonen und Substituten.<\/p><hr \/><h3>9. Datenschutz<\/h3><p>Der Schutz Ihrer personenbezogenen Daten ist uns wichtig. Wir verarbeiten und pflegen Ihre personenbezogenen Daten, welche Sie uns zur Verf\u00fcgung stellen, unter Beachtung des Schweizer Bundesgesetzes \u00fcber den Datenschutz (DSG), der Verordnung zum Bundesgesetz \u00fcber den Datenschutz (VDSG), des Fernmeldegesetzes (FMG) sowie sonstigen anwendbaren datenschutzrechtlichen Bestimmungen des schweizerischen oder EU-Rechts (EU-DSGVO) f\u00fcr die folgenden Zwecke, und wir speichern Ihre personenbezogenen Daten auch nur so lange, wie wir die Daten f\u00fcr diese <b>Zwecke<\/b> ben\u00f6tigen:<\/p><ul><li>Best\u00e4tigung, Abwicklung und Auslieferung Ihrer Bestellung, inkl. etwaiger R\u00fcckfragen<\/li><li>Bearbeitung Ihrer Anfragen durch unseren Kundenservice und unsere Call Center<\/li><li>Werbung (auf Basis unserer \u00fcberwiegenden berechtigter Interessen): Ihre Adressdaten nutzen wir f\u00fcr die Zusendung von Katalogen und aktuellen Angeboten innerhalb der Marokkoferien.ch . Ihre Telefonnummer (freiwillige Angabe) nutzen wir f\u00fcr die werbliche Ansprache und Ihre E-Mail-Adresse nutzen wir f\u00fcr Bestandeskundenmailings. Der Verwendung Ihrer Daten zu Werbezwecken k\u00f6nnen Sie jederzeit mit Wirkung f\u00fcr die Zukunft widersprechen durch Mitteilung an Marokkoferien.ch, Untergasse 2, 4538 Oberbipp oder per Email an datenschutz@marokkoferien.ch ohne dass Ihnen hierf\u00fcr andere als die \u00dcbermittlungskosten nach den Basistarifen entstehen.<br \/>Sie haben uns gegen\u00fcber die folgenden <b>Rechte<\/b>:<\/li><li>Recht auf Auskunft \u00fcber Ihre personenbezogenen Daten sowie auf Berichtigung, L\u00f6schung oder Einschr\u00e4nkung der Verarbeitung dieser Daten<\/li><li>Recht auf \u00dcbertragung Ihrer Daten an eine andere Firma<\/li><li>Recht auf Widerspruch gegen die Verarbeitung Ihrer Daten sowie des Rechts auf Daten\u00fcbertragbarkeit<\/li><li>Recht auf Beschwerde bei der Aufsichtsbeh\u00f6rde. Bei allen Fragen \u2013 und insbesondere, falls Sie zu den oben genannten Punkten weitergehende Details w\u00fcnschen \u2013 steht Ihnen unser <b>Datenschutzbeauftragter<\/b> unter Marokkoferien.ch, Untergasse 2, 4538 Oberbipp, oder per Email an datenschutz@fmarokkoferien.ch zur Verf\u00fcgung. N\u00e4here Infos zu unserer Datenschutzerkl\u00e4rung finden Sie zudem auf https:\/\/marokkoferien.ch\/agb<\/li><\/ul><hr \/><h3>13. Gerichtsstand<\/h3><p>Es gilt Schweizerisches Recht. Gerichtsstand ist Bern. Vorbehalten bleiben zwingende gesetzliche Bestimmungen. Wir sind bestrebt, Meinungsverschiedenheiten aus unserer Vertragsbeziehung auf einvernehmliche Weise beizulegen. Bitte wenden Sie sich daher an unseren Kundenservice. Sollten Sie mit der dort gefundenen L\u00f6sung nicht einverstanden sein, k\u00f6nnen Sie sich an folgende Ombudsstelle wenden: <a href=\"http:\/\/www.konsum.ch\/beratung\/ombudsstellen\/ombudsstelle-e-commerce\/\" target=\"_blank\" rel=\"noopener noreferrer\">http:\/\/www.konsum.ch\/beratung\/ombudsstellen\/ombudsstelle-e-commerce\/<\/a><\/p><hr \/><p><b>Vacances au Maroc<\/b><br \/>Untergasse 2<br \/>4538 Oberbipp<\/p>\t\t\t\t\t\t\t\t<\/div>\n\t\t\t\t\t<\/div>\n\t\t\t\t<\/div>\n\t\t\t\t<\/div>","protected":false},"excerpt":{"rendered":"<p>Allgemeine Gesch\u00e4ftsbedingungen 1. Geltungsbereich und Vertragspartner Diese allgemeinen Gesch\u00e4ftsbedingungen gelten f\u00fcr alle Bestellungen, die in der Schweiz oder im F\u00fcrstentum Liechtenstein wohnhafte Kunden t\u00e4tigen. Der Kaufvertrag kommt zustande mit Marokkoferien.ch, Untergasse 2, 4538 Oberbipp. 2. Angebot und Vertragsschluss Mit der Bestellung der Produkte geben Sie eine verbindliche Bestellung ab. \u00a0Diese Best\u00e4tigung stellt noch keine Vertragsannahme, [&hellip;]<\/p>\n","protected":false},"author":1,"featured_media":0,"parent":0,"menu_order":0,"comment_status":"closed","ping_status":"closed","template":"","meta":{"pgc_sgb_lightbox_settings":"","footnotes":""},"class_list":["post-14","page","type-page","status-publish","hentry"],"_links":{"self":[{"href":"https:\/\/marokkoferien.ch\/fr\/wp-json\/wp\/v2\/pages\/14","targetHints":{"allow":["GET"]}}],"collection":[{"href":"https:\/\/marokkoferien.ch\/fr\/wp-json\/wp\/v2\/pages"}],"about":[{"href":"https:\/\/marokkoferien.ch\/fr\/wp-json\/wp\/v2\/types\/page"}],"author":[{"embeddable":true,"href":"https:\/\/marokkoferien.ch\/fr\/wp-json\/wp\/v2\/users\/1"}],"replies":[{"embeddable":true,"href":"https:\/\/marokkoferien.ch\/fr\/wp-json\/wp\/v2\/comments?post=14"}],"version-history":[{"count":38,"href":"https:\/\/marokkoferien.ch\/fr\/wp-json\/wp\/v2\/pages\/14\/revisions"}],"predecessor-version":[{"id":2159,"href":"https:\/\/marokkoferien.ch\/fr\/wp-json\/wp\/v2\/pages\/14\/revisions\/2159"}],"wp:attachment":[{"href":"https:\/\/marokkoferien.ch\/fr\/wp-json\/wp\/v2\/media?parent=14"}],"curies":[{"name":"wp","href":"https:\/\/api.w.org\/{rel}","templated":true}]}}