{"id":28,"date":"2023-02-21T01:01:18","date_gmt":"2023-02-21T01:01:18","guid":{"rendered":"https:\/\/fastwpdemo.com\/newwp\/grandeur\/?page_id=28"},"modified":"2025-02-17T18:48:04","modified_gmt":"2025-02-17T17:48:04","slug":"faqs","status":"publish","type":"page","link":"https:\/\/marokkoferien.ch\/fr\/faqs\/","title":{"rendered":"Faq\u2019s"},"content":{"rendered":"<div data-elementor-type=\"wp-page\" data-elementor-id=\"28\" class=\"elementor elementor-28\">\n\t\t\t\t\t\t<section class=\"elementor-section elementor-top-section elementor-element elementor-element-e6ad1eb elementor-section-full_width elementor-section-height-default elementor-section-height-default\" data-id=\"e6ad1eb\" data-element_type=\"section\" data-e-type=\"section\">\n\t\t\t\t\t\t<div class=\"elementor-container elementor-column-gap-default\">\n\t\t\t\t\t<div class=\"elementor-column elementor-col-100 elementor-top-column elementor-element elementor-element-8fb9ecc\" data-id=\"8fb9ecc\" data-element_type=\"column\" data-e-type=\"column\">\n\t\t\t<div class=\"elementor-widget-wrap elementor-element-populated\">\n\t\t\t\t\t\t<div class=\"elementor-element elementor-element-5c55400 elementor-widget elementor-widget-grandeur_faqs\" data-id=\"5c55400\" data-element_type=\"widget\" data-e-type=\"widget\" data-settings=\"{&quot;grandeur_layout_margin&quot;:{&quot;unit&quot;:&quot;px&quot;,&quot;top&quot;:&quot;&quot;,&quot;right&quot;:&quot;&quot;,&quot;bottom&quot;:&quot;&quot;,&quot;left&quot;:&quot;&quot;,&quot;isLinked&quot;:true},&quot;grandeur_layout_margin_tablet&quot;:{&quot;unit&quot;:&quot;px&quot;,&quot;top&quot;:&quot;&quot;,&quot;right&quot;:&quot;&quot;,&quot;bottom&quot;:&quot;&quot;,&quot;left&quot;:&quot;&quot;,&quot;isLinked&quot;:true},&quot;grandeur_layout_margin_mobile&quot;:{&quot;unit&quot;:&quot;px&quot;,&quot;top&quot;:&quot;&quot;,&quot;right&quot;:&quot;&quot;,&quot;bottom&quot;:&quot;&quot;,&quot;left&quot;:&quot;&quot;,&quot;isLinked&quot;:true},&quot;grandeur_layout_padding&quot;:{&quot;unit&quot;:&quot;px&quot;,&quot;top&quot;:&quot;&quot;,&quot;right&quot;:&quot;&quot;,&quot;bottom&quot;:&quot;&quot;,&quot;left&quot;:&quot;&quot;,&quot;isLinked&quot;:true},&quot;grandeur_layout_padding_tablet&quot;:{&quot;unit&quot;:&quot;px&quot;,&quot;top&quot;:&quot;&quot;,&quot;right&quot;:&quot;&quot;,&quot;bottom&quot;:&quot;&quot;,&quot;left&quot;:&quot;&quot;,&quot;isLinked&quot;:true},&quot;grandeur_layout_padding_mobile&quot;:{&quot;unit&quot;:&quot;px&quot;,&quot;top&quot;:&quot;&quot;,&quot;right&quot;:&quot;&quot;,&quot;bottom&quot;:&quot;&quot;,&quot;left&quot;:&quot;&quot;,&quot;isLinked&quot;:true}}\" data-widget_type=\"grandeur_faqs.default\">\n\t\t\t\t<div class=\"elementor-widget-container\">\n\t\t\t\t\t          \n    <!-- faq-page-section -->\n    <section class=\"faq-page-section\">\n        <div class=\"auto-container\">\n            <div class=\"row clearfix\">\n                <div class=\"col-lg-3 col-md-12 col-sm-12 sidebar-side\">\n                    <div class=\"faq-sidebar faq-tabs-box\">\n                        <ul class=\"category-list faq-tab-btns faq-tab-buttons clearfix\">\n\t\t\t\t\t\t\t                            <li class=\"faq-tab-btn active-btn\" data-tab=\"#faq-tab-1\">Maison<i class=\"flaticon-thin-right-straight-arrow\"><\/i><\/li>\n                                                        <li class=\"faq-tab-btn\" data-tab=\"#faq-tab-2\">Zahlung<i class=\"flaticon-thin-right-straight-arrow\"><\/i><\/li>\n                                                         \n                        <\/ul>\n                    <\/div>\n                <\/div>\n                <div class=\"col-lg-9 col-md-12 col-sm-12 content-column\">\n                    <div class=\"faq-content\">                 \n                    \n\t\t\t\t\t\t                        <div class=\"faq-tabs-content active-tab\" id=\"faq-tab-1\">\n                                                     \n                            <ul class=\"accordion-box\">                              \n                                                                <li class=\"tab accordion block active-tab\">\n                                    <div class=\"acc-btn active\">\n                                        <div class=\"icon-box\"><i class=\"flaticon-right\"><\/i><\/div>\n                                        <h3>Je souhaite modifier\/compl\u00e9ter ma r\u00e9servation d'h\u00f4tel ?<\/h3>\n                                    <\/div>\n                                    <div class=\"acc-content current\">\n                                        <div class=\"text\">\n                                            <p>Nous pouvons regarder cela ensemble et trouver une solution qui nous convient.<\/p>\n                                        <\/div>\n                                    <\/div>\n                                <\/li>  \n                                                                <li class=\"tab accordion block\">\n                                    <div class=\"acc-btn\">\n                                        <div class=\"icon-box\"><i class=\"flaticon-right\"><\/i><\/div>\n                                        <h3>Dois-je confirmer une nouvelle fois ma r\u00e9servation aupr\u00e8s de l'h\u00f4tel ?<\/h3>\n                                    <\/div>\n                                    <div class=\"acc-content\">\n                                        <div class=\"text\">\n                                            <p>Nein, das ist nicht mehr n\u00f6tig.<\/p>\n                                        <\/div>\n                                    <\/div>\n                                <\/li>  \n                                                                <li class=\"tab accordion block\">\n                                    <div class=\"acc-btn\">\n                                        <div class=\"icon-box\"><i class=\"flaticon-right\"><\/i><\/div>\n                                        <h3>Puis-je faire une r\u00e9servation d'h\u00f4tel par t\u00e9l\u00e9phone ?<\/h3>\n                                    <\/div>\n                                    <div class=\"acc-content\">\n                                        <div class=\"text\">\n                                            <p>Sie k\u00f6nnen \u00fcber das Internet buchen oder vorg\u00e4ngig mit uns kommunizieren, wir werden Sie nat\u00fcrlich auch telefonisch kontaktieren und mit Ihnen alles besprechen, die Buchung\u2026<\/p>\n                                        <\/div>\n                                    <\/div>\n                                <\/li>  \n                                                                <li class=\"tab accordion block\">\n                                    <div class=\"acc-btn\">\n                                        <div class=\"icon-box\"><i class=\"flaticon-right\"><\/i><\/div>\n                                        <h3>Puis-je r\u00e9server plus de quatre adultes ?<\/h3>\n                                    <\/div>\n                                    <div class=\"acc-content\">\n                                        <div class=\"text\">\n                                            <p>Non, ce n'est pas possible, il y a certes plus d'espace, mais il n'y a que deux chambres \u00e0 coucher avec des lits doubles.<\/p>\n                                        <\/div>\n                                    <\/div>\n                                <\/li>  \n                                                                <li class=\"tab accordion block\">\n                                    <div class=\"acc-btn\">\n                                        <div class=\"icon-box\"><i class=\"flaticon-right\"><\/i><\/div>\n                                        <h3>Quelles sont les heures standard d'enregistrement\/de d\u00e9part ?<\/h3>\n                                    <\/div>\n                                    <div class=\"acc-content\">\n                                        <div class=\"text\">\n                                            <p>Der Check-in ist um 15:00 Uhr, der Check-out ist um 11:00 Uhr<\/p>\n                                        <\/div>\n                                    <\/div>\n                                <\/li>  \n                                                            <\/ul>\n                            \n                        <\/div>\n                                                                        <div class=\"faq-tabs-content\" id=\"faq-tab-2\">\n                                                     \n                            <ul class=\"accordion-box\">                              \n                                                                <li class=\"tab accordion block active-tab\">\n                                    <div class=\"acc-btn active\">\n                                        <div class=\"icon-box\"><i class=\"flaticon-right\"><\/i><\/div>\n                                        <h3>Bezahlungsabwicklung<\/h3>\n                                    <\/div>\n                                    <div class=\"acc-content current\">\n                                        <div class=\"text\">\n                                            <p>Sie bezahlen den gesamten Betrag bei der Buchung<\/p>\n                                        <\/div>\n                                    <\/div>\n                                <\/li>  \n                                                            <\/ul>\n                            \n                        <\/div>\n                                                                \t<\/div>\n                <\/div>\n            <\/div>\n        <\/div>\n    <\/section>\n    <!-- faq-page-section end -->\n\n\t\t\t\t\t\t<\/div>\n\t\t\t\t<\/div>\n\t\t\t\t\t<\/div>\n\t\t<\/div>\n\t\t\t\t\t<\/div>\n\t\t<\/section>\n\t\t\t\t<\/div>","protected":false},"excerpt":{"rendered":"<p>Haus Zahlung Ich m\u00f6chte meine Hotelbuchung \u00e4ndern\/erg\u00e4nzen? Das k\u00f6nnen wir gemeinsam ansehen und eine passende L\u00f6sung f\u00fcr uns finden. Muss ich meine Buchung beim Hotel noch einmal best\u00e4tigen? Nein, das ist nicht mehr n\u00f6tig. Kann ich telefonisch eine Hotelreservierung vornehmen? Sie k\u00f6nnen \u00fcber das Internet buchen oder vorg\u00e4ngig mit uns kommunizieren, wir werden Sie nat\u00fcrlich [&hellip;]<\/p>\n","protected":false},"author":1,"featured_media":0,"parent":0,"menu_order":0,"comment_status":"closed","ping_status":"closed","template":"tpl-default-elementor.php","meta":{"pgc_sgb_lightbox_settings":"","footnotes":""},"class_list":["post-28","page","type-page","status-publish","hentry"],"_links":{"self":[{"href":"https:\/\/marokkoferien.ch\/fr\/wp-json\/wp\/v2\/pages\/28","targetHints":{"allow":["GET"]}}],"collection":[{"href":"https:\/\/marokkoferien.ch\/fr\/wp-json\/wp\/v2\/pages"}],"about":[{"href":"https:\/\/marokkoferien.ch\/fr\/wp-json\/wp\/v2\/types\/page"}],"author":[{"embeddable":true,"href":"https:\/\/marokkoferien.ch\/fr\/wp-json\/wp\/v2\/users\/1"}],"replies":[{"embeddable":true,"href":"https:\/\/marokkoferien.ch\/fr\/wp-json\/wp\/v2\/comments?post=28"}],"version-history":[{"count":27,"href":"https:\/\/marokkoferien.ch\/fr\/wp-json\/wp\/v2\/pages\/28\/revisions"}],"predecessor-version":[{"id":2347,"href":"https:\/\/marokkoferien.ch\/fr\/wp-json\/wp\/v2\/pages\/28\/revisions\/2347"}],"wp:attachment":[{"href":"https:\/\/marokkoferien.ch\/fr\/wp-json\/wp\/v2\/media?parent=28"}],"curies":[{"name":"wp","href":"https:\/\/api.w.org\/{rel}","templated":true}]}}