{"id":3083,"date":"2025-03-17T08:19:51","date_gmt":"2025-03-17T07:19:51","guid":{"rendered":"https:\/\/marokkoferien.ch\/buchungdetails\/"},"modified":"2026-04-12T13:17:00","modified_gmt":"2026-04-12T11:17:00","slug":"buchungdetails","status":"publish","type":"page","link":"https:\/\/marokkoferien.ch\/fr\/buchungdetails\/","title":{"rendered":"D\u00e9tail des r\u00e9servations"},"content":{"rendered":"\n<div class=\"wrap plugin-container\">\n\n\t\n\t\n\t\t<script type=\"text\/javascript\">\n\tfunction vbAddElement() {\n\t\tvar ni = document.getElementById('vbo-search-num-aduchild-block');\n\t\tvar numi = document.getElementById('vbroomhelper');\n\t\tvar num = (document.getElementById('vbroomhelper').value -1)+ 2;\n\t\tnumi.value = num;\n\t\tvar newdiv = document.createElement('div');\n\t\tvar divIdName = 'vb'+num+'racont';\n\t\tnewdiv.setAttribute('id',divIdName);\n\t\tnewdiv.innerHTML = '<div class=\\'vbo-search-num-aduchild-entry\\'><span class=\\'vbo-search-roomnum\\'>Chambre '+ num +'<\/span><div class=\\'vbo-search-num-adults-entry\\'><label class=\\'vbo-search-num-adults-entry-label\\'>Adultes<\/label><span class=\\'vbo-search-num-adults-entry-inp\\'><select name=\\'adults[]\\'><option value=\\'1\\'>1<\/option><option value=\\'2\\'>2<\/option><option value=\\'3\\'>3<\/option><option value=\\'4\\'>4<\/option><\/select><\/span><\/div><\/div>';\n\t\tni.appendChild(newdiv);\n\t}\n\tfunction vbSetRoomsAdults(totrooms) {\n\t\tvar actrooms = parseInt(document.getElementById('vbroomhelper').value);\n\t\tvar torooms = parseInt(totrooms);\n\t\tvar difrooms;\n\t\tif (torooms > actrooms) {\n\t\t\tdifrooms = torooms - actrooms;\n\t\t\tfor(var ir=1; ir<=difrooms; ir++) {\n\t\t\t\tvbAddElement();\n\t\t\t}\n\t\t}\n\t\tif (torooms < actrooms) {\n\t\t\tfor(var ir=actrooms; ir>torooms; ir--) {\n\t\t\t\tif (ir > 1) {\n\t\t\t\t\tvar rmra = document.getElementById('vb' + ir + 'racont');\n\t\t\t\t\trmra.parentNode.removeChild(rmra);\n\t\t\t\t}\n\t\t\t}\n\t\t\tdocument.getElementById('vbroomhelper').value = torooms;\n\t\t}\n\t}\n\tfunction vbCalcNights() {\n\t\tvar vbcheckin = document.getElementById('checkindate').value;\n\t\tvar vbcheckout = document.getElementById('checkoutdate').value;\n\t\tif (vbcheckin.length > 0 && vbcheckout.length > 0) {\n\t\t\tvar vbcheckinp = vbcheckin.split(\"\/\");\n\t\t\tvar vbcheckoutp = vbcheckout.split(\"\/\");\n\t\t\t\t\tvar vbinmonth = parseInt(vbcheckinp[1]);\n\t\t\tvbinmonth = vbinmonth - 1;\n\t\t\tvar vbinday = parseInt(vbcheckinp[0], 10);\n\t\t\tvar vbcheckind = new Date(vbcheckinp[2], vbinmonth, vbinday);\n\t\t\tvar vboutmonth = parseInt(vbcheckoutp[1]);\n\t\t\tvboutmonth = vboutmonth - 1;\n\t\t\tvar vboutday = parseInt(vbcheckoutp[0], 10);\n\t\t\tvar vbcheckoutd = new Date(vbcheckoutp[2], vboutmonth, vboutday);\n\t\t\t\t\t\tvar vbdivider = 1000 * 60 * 60 * 24;\n\t\t\tvar vbints = vbcheckind.getTime();\n\t\t\tvar vboutts = vbcheckoutd.getTime();\n\t\t\tif (vboutts > vbints) {\n\t\t\t\t\/\/var vbnights = Math.ceil((vboutts - vbints) \/ (vbdivider));\n\t\t\t\tvar utc1 = Date.UTC(vbcheckind.getFullYear(), vbcheckind.getMonth(), vbcheckind.getDate());\n\t\t\t\tvar utc2 = Date.UTC(vbcheckoutd.getFullYear(), vbcheckoutd.getMonth(), vbcheckoutd.getDate());\n\t\t\t\tvar vbnights = Math.ceil((utc2 - utc1) \/ vbdivider);\n\t\t\t\tif (vbnights > 0) {\n\t\t\t\t\tdocument.getElementById('vbjstotnights').innerHTML = 'Nuits: '+vbnights;\n\t\t\t\t} else {\n\t\t\t\t\tdocument.getElementById('vbjstotnights').innerHTML = '';\n\t\t\t\t}\n\t\t\t} else {\n\t\t\t\tdocument.getElementById('vbjstotnights').innerHTML = '';\n\t\t\t}\n\t\t} else {\n\t\t\tdocument.getElementById('vbjstotnights').innerHTML = '';\n\t\t}\n\t}\n\t<\/script>\n\t<input type=\"hidden\" id=\"vbroomhelper\" value=\"1\"\/>\n\t<p class=\"err\">Veuillez saisir la date et le nombre de personnes.<\/p>\t<div class=\"vbo-intro-main\">Geniessen Sie Ihren Urlaub in Marokko in einem grossz\u00fcgigen Haus mit viel Platz und zahlreichen Annehmlichkeiten.\r\n<p data-start=\"56\" data-end=\"305\">Im unteren Bereich stehen Ihnen ein grosser und ein kleiner Salon, zwei Schlafzimmer mit Doppelbetten (eines davon mit eigenem Duschbad und WC), ein zus\u00e4tzliches WC sowie eine K\u00fcche zur Verf\u00fcgung. Sie d\u00fcrfen nat\u00fcrlich auch die K\u00fcche benutzen wenn Sie etwas selber machen m\u00f6chten.<\/p>\r\n<p data-start=\"307\" data-end=\"427\">Von einem der Schlafzimmer haben Sie direkten Zugang zur Terrasse, die Sie selbstverst\u00e4ndlich ebenfalls nutzen und geniessen d\u00fcrfen.<\/p>\r\n<p data-start=\"429\" data-end=\"529\">Zus\u00e4tzlich k\u00f6nnen Sie im ersten Stock die Toilette sowie den kleinen und grossen Salon mitbenutzen. (privater Bereich)<\/p>\r\n<p data-start=\"531\" data-end=\"820\">Dar\u00fcber hinaus haben Sie Zugang zum zweiten Stock, wo sich eine weitere kleine K\u00fcche befindet. Von dort aus gelangen Sie zur grossz\u00fcgigen Dachterrasse, die Ihnen ebenfalls zur Verf\u00fcgung steht. Dort finden Sie einen grossen Tisch mit St\u00fchlen, der unter einem sch\u00fctzenden Dach platziert ist.<\/p>\r\n<p data-start=\"822\" data-end=\"896\">Wie Sie sehen, gibt es reichlich Platz zum Entspannen und Wohlf\u00fchlen. \ud83d\ude42<\/p><\/div>\n\t<div class=\"vbdivsearch vbo-search-mainview vbo-search-noresults-cont\"><form action=\"https:\/\/marokkoferien.ch\/fr\/buchungdetails\/?option=com_vikbooking&amp;Itemid=0\" method=\"post\"><div class=\"vb-search-inner\">\n<input type=\"hidden\" name=\"option\" value=\"com_vikbooking\"\/>\n<input type=\"hidden\" name=\"task\" value=\"search\"\/>\n<div class=\"vbo-search-inpblock vbo-search-inpblock-checkin\"><label for=\"checkindate\">Date d'arriv\u00e9e<\/label><div class=\"input-group\"><input type=\"text\" name=\"checkindate\" id=\"checkindate\" size=\"10\" autocomplete=\"off\" onfocus=\"this.blur();\" readonly\/><i class=\"far fa-calendar-alt vbo-caltrigger\"><\/i><\/div><input type=\"hidden\" name=\"checkinh\" value=\"15\"\/><input type=\"hidden\" name=\"checkinm\" value=\"0\"\/><\/div>\n<div class=\"vbo-search-inpblock vbo-search-inpblock-checkout\"><label for=\"checkoutdate\">Date de d\u00e9part<\/label><div class=\"input-group\"><input type=\"text\" name=\"checkoutdate\" id=\"checkoutdate\" size=\"10\" autocomplete=\"off\" onfocus=\"this.blur();\" readonly\/><i class=\"far fa-calendar-alt vbo-caltrigger\"><\/i><\/div><input type=\"hidden\" name=\"checkouth\" value=\"11\"\/><input type=\"hidden\" name=\"checkoutm\" value=\"0\"\/><\/div>\n<div class=\"vbo-search-num-racblock\">\n\t<div class=\"vbo-search-num-rooms\"><input type=\"hidden\" name=\"roomsnum\" value=\"1\">\n<\/div>\n\t<div class=\"vbo-search-num-aduchild-block\" id=\"vbo-search-num-aduchild-block\">\n\t\t<div class=\"vbo-search-num-aduchild-entry\">\n\t\t\t<div class=\"vbo-search-num-adults-entry\"><label class=\"vbo-search-num-adults-entry-label\">Adultes<\/label><span class=\"vbo-search-num-adults-entry-inp\"><select name=\"adults[]\"><option value=\"1\">1<\/option><option value=\"2\">2<\/option><option value=\"3\">3<\/option><option value=\"4\">4<\/option><\/select><\/span><\/div>\n\t\t<\/div>\n\t<\/div>\n\t<div id=\"vbjstotnights\"><\/div>\n<\/div>\n<div class=\"vbo-search-submit\"><button type=\"submit\" class=\"btn vbo-pref-color-btn\">Rechercher<\/button><\/div>\n<\/div>\n<\/form><\/div>\t<div class=\"vbo-closing-main\"><\/div>\n\n\t<script type=\"text\/javascript\">\n\tjQuery(function() {\n\t\tjQuery('.vbo-search-submit').find('button[type=\"submit\"]').on('click', function(e) {\n\t\t\te.preventDefault();\n\t\t\tjQuery(this).prop('disabled', true);\n\t\t\tjQuery(this).html('<i class=\"fas fa-circle-notch fa-spin fa-fw\"><\/i> ' + jQuery(this).text());\n\t\t\tjQuery(this).closest('form').submit();\n\t\t});\n\t});\n\t<\/script>\n\n\t\n<\/div>\n\n","protected":false},"excerpt":{"rendered":"","protected":false},"author":1,"featured_media":8289,"parent":0,"menu_order":0,"comment_status":"closed","ping_status":"closed","template":"","meta":{"pgc_sgb_lightbox_settings":"","footnotes":""},"class_list":["post-3083","page","type-page","status-publish","has-post-thumbnail","hentry"],"_links":{"self":[{"href":"https:\/\/marokkoferien.ch\/fr\/wp-json\/wp\/v2\/pages\/3083","targetHints":{"allow":["GET"]}}],"collection":[{"href":"https:\/\/marokkoferien.ch\/fr\/wp-json\/wp\/v2\/pages"}],"about":[{"href":"https:\/\/marokkoferien.ch\/fr\/wp-json\/wp\/v2\/types\/page"}],"author":[{"embeddable":true,"href":"https:\/\/marokkoferien.ch\/fr\/wp-json\/wp\/v2\/users\/1"}],"replies":[{"embeddable":true,"href":"https:\/\/marokkoferien.ch\/fr\/wp-json\/wp\/v2\/comments?post=3083"}],"version-history":[{"count":2,"href":"https:\/\/marokkoferien.ch\/fr\/wp-json\/wp\/v2\/pages\/3083\/revisions"}],"predecessor-version":[{"id":8441,"href":"https:\/\/marokkoferien.ch\/fr\/wp-json\/wp\/v2\/pages\/3083\/revisions\/8441"}],"wp:featuredmedia":[{"embeddable":true,"href":"https:\/\/marokkoferien.ch\/fr\/wp-json\/wp\/v2\/media\/8289"}],"wp:attachment":[{"href":"https:\/\/marokkoferien.ch\/fr\/wp-json\/wp\/v2\/media?parent=3083"}],"curies":[{"name":"wp","href":"https:\/\/api.w.org\/{rel}","templated":true}]}}