{"id":62,"date":"2023-02-21T01:27:29","date_gmt":"2023-02-21T01:27:29","guid":{"rendered":"https:\/\/fastwpdemo.com\/newwp\/grandeur\/?page_id=62"},"modified":"2025-03-19T16:05:00","modified_gmt":"2025-03-19T15:05:00","slug":"contact","status":"publish","type":"page","link":"https:\/\/marokkoferien.ch\/fr\/contact\/","title":{"rendered":"contact"},"content":{"rendered":"<div data-elementor-type=\"wp-page\" data-elementor-id=\"62\" class=\"elementor elementor-62\">\n\t\t\t\t\t\t<section class=\"elementor-section elementor-top-section elementor-element elementor-element-359613b elementor-section-full_width elementor-section-height-default elementor-section-height-default\" data-id=\"359613b\" data-element_type=\"section\" data-e-type=\"section\">\n\t\t\t\t\t\t<div class=\"elementor-container elementor-column-gap-default\">\n\t\t\t\t\t<div class=\"elementor-column elementor-col-100 elementor-top-column elementor-element elementor-element-0ffa279\" data-id=\"0ffa279\" data-element_type=\"column\" data-e-type=\"column\">\n\t\t\t<div class=\"elementor-widget-wrap elementor-element-populated\">\n\t\t\t\t\t\t<div class=\"elementor-element elementor-element-77871b1 elementor-widget elementor-widget-grandeur_contact_info\" data-id=\"77871b1\" data-element_type=\"widget\" data-e-type=\"widget\" data-settings=\"{&quot;grandeur_layout_margin&quot;:{&quot;unit&quot;:&quot;px&quot;,&quot;top&quot;:&quot;&quot;,&quot;right&quot;:&quot;&quot;,&quot;bottom&quot;:&quot;&quot;,&quot;left&quot;:&quot;&quot;,&quot;isLinked&quot;:true},&quot;grandeur_layout_margin_tablet&quot;:{&quot;unit&quot;:&quot;px&quot;,&quot;top&quot;:&quot;&quot;,&quot;right&quot;:&quot;&quot;,&quot;bottom&quot;:&quot;&quot;,&quot;left&quot;:&quot;&quot;,&quot;isLinked&quot;:true},&quot;grandeur_layout_margin_mobile&quot;:{&quot;unit&quot;:&quot;px&quot;,&quot;top&quot;:&quot;&quot;,&quot;right&quot;:&quot;&quot;,&quot;bottom&quot;:&quot;&quot;,&quot;left&quot;:&quot;&quot;,&quot;isLinked&quot;:true},&quot;grandeur_layout_padding&quot;:{&quot;unit&quot;:&quot;px&quot;,&quot;top&quot;:&quot;&quot;,&quot;right&quot;:&quot;&quot;,&quot;bottom&quot;:&quot;&quot;,&quot;left&quot;:&quot;&quot;,&quot;isLinked&quot;:true},&quot;grandeur_layout_padding_tablet&quot;:{&quot;unit&quot;:&quot;px&quot;,&quot;top&quot;:&quot;&quot;,&quot;right&quot;:&quot;&quot;,&quot;bottom&quot;:&quot;&quot;,&quot;left&quot;:&quot;&quot;,&quot;isLinked&quot;:true},&quot;grandeur_layout_padding_mobile&quot;:{&quot;unit&quot;:&quot;px&quot;,&quot;top&quot;:&quot;&quot;,&quot;right&quot;:&quot;&quot;,&quot;bottom&quot;:&quot;&quot;,&quot;left&quot;:&quot;&quot;,&quot;isLinked&quot;:true}}\" data-widget_type=\"grandeur_contact_info.default\">\n\t\t\t\t<div class=\"elementor-widget-container\">\n\t\t\t\t\t    \n    <!-- contact-info-section -->\n    <section class=\"contact-info-section centred\">\n                <div class=\"pattern-layer\">\n            <div class=\"pattern-1\" style=\"background-image: url();\"><\/div>\n            <div class=\"pattern-2\" style=\"background-image: url();\"><\/div>\n        <\/div>\n                <div class=\"auto-container\">\n                        <div class=\"sec-title\">\n                <span class=\"sub-title\">Lieu<\/span>                <h2>Rue Mimouza Nr. 11\n<br \/>Lot Saint Margarete <br \/>15425 Khemisset <br \/>Marokko<\/h2>                <a href=\"https:\/\/maps.app.goo.gl\/UG9nZUcPgg6HNAkk8\" target=\"_blank\" class=\"theme-btn btn-one\">Trouvez-nous sur la carte<\/a>            <\/div>\n                        <div class=\"inner-container\">\n                <div class=\"row clearfix\">\n                                        <div class=\"col-lg-4 col-md-6 col-sm-12 single-column\">\n                        <div class=\"single-info-box\">\n                            <div class=\"inner-box\">\n                                <div class=\"icon-box\"><i class=\"\"><\/i><\/div>\n                                <h3><\/h3>\n                                <p><\/p>\n                                                                <a href=\"tel:\"><\/a>                               \n                                                            <\/div>\n                        <\/div>\n                    <\/div>\n                                        <div class=\"col-lg-4 col-md-6 col-sm-12 single-column\">\n                        <div class=\"single-info-box\">\n                            <div class=\"inner-box\">\n                                <div class=\"icon-box\"><i class=\"flaticon-mail\"><\/i><\/div>\n                                <h3>Envoyer un mail<\/h3>\n                                <p>Envoyez votre e-mail pour les demandes g\u00e9n\u00e9rales.<\/p>\n                                                                <a href=\"mailto:info@marokkoferien.ch\">info@marokkoferien.ch<\/a>\n                                                            <\/div>\n                        <\/div>\n                    <\/div>\n                                        <div class=\"col-lg-4 col-md-6 col-sm-12 single-column\">\n                        <div class=\"single-info-box\">\n                            <div class=\"inner-box\">\n                                <div class=\"icon-box\"><i class=\"\"><\/i><\/div>\n                                <h3><\/h3>\n                                <p><\/p>\n                                                                <a href=\"tel:\"><\/a>                               \n                                                            <\/div>\n                        <\/div>\n                    <\/div>\n                                    <\/div>\n            <\/div>\n        <\/div>\n    <\/section>\n    <!-- contact-info-section end -->       \n             \n        \t\t\t\t<\/div>\n\t\t\t\t<\/div>\n\t\t\t\t\t<\/div>\n\t\t<\/div>\n\t\t\t\t\t<\/div>\n\t\t<\/section>\n\t\t\t\t<section class=\"elementor-section elementor-top-section elementor-element elementor-element-009e717 elementor-section-full_width elementor-section-height-default elementor-section-height-default\" data-id=\"009e717\" data-element_type=\"section\" data-e-type=\"section\">\n\t\t\t\t\t\t<div class=\"elementor-container elementor-column-gap-default\">\n\t\t\t\t\t<div class=\"elementor-column elementor-col-100 elementor-top-column elementor-element elementor-element-000c9f0\" data-id=\"000c9f0\" data-element_type=\"column\" data-e-type=\"column\">\n\t\t\t<div class=\"elementor-widget-wrap elementor-element-populated\">\n\t\t\t\t\t\t<div class=\"elementor-element elementor-element-7c89273 elementor-widget elementor-widget-grandeur_contact_us\" data-id=\"7c89273\" data-element_type=\"widget\" data-e-type=\"widget\" data-settings=\"{&quot;grandeur_layout_margin&quot;:{&quot;unit&quot;:&quot;px&quot;,&quot;top&quot;:&quot;&quot;,&quot;right&quot;:&quot;&quot;,&quot;bottom&quot;:&quot;&quot;,&quot;left&quot;:&quot;&quot;,&quot;isLinked&quot;:true},&quot;grandeur_layout_margin_tablet&quot;:{&quot;unit&quot;:&quot;px&quot;,&quot;top&quot;:&quot;&quot;,&quot;right&quot;:&quot;&quot;,&quot;bottom&quot;:&quot;&quot;,&quot;left&quot;:&quot;&quot;,&quot;isLinked&quot;:true},&quot;grandeur_layout_margin_mobile&quot;:{&quot;unit&quot;:&quot;px&quot;,&quot;top&quot;:&quot;&quot;,&quot;right&quot;:&quot;&quot;,&quot;bottom&quot;:&quot;&quot;,&quot;left&quot;:&quot;&quot;,&quot;isLinked&quot;:true},&quot;grandeur_layout_padding&quot;:{&quot;unit&quot;:&quot;px&quot;,&quot;top&quot;:&quot;&quot;,&quot;right&quot;:&quot;&quot;,&quot;bottom&quot;:&quot;&quot;,&quot;left&quot;:&quot;&quot;,&quot;isLinked&quot;:true},&quot;grandeur_layout_padding_tablet&quot;:{&quot;unit&quot;:&quot;px&quot;,&quot;top&quot;:&quot;&quot;,&quot;right&quot;:&quot;&quot;,&quot;bottom&quot;:&quot;&quot;,&quot;left&quot;:&quot;&quot;,&quot;isLinked&quot;:true},&quot;grandeur_layout_padding_mobile&quot;:{&quot;unit&quot;:&quot;px&quot;,&quot;top&quot;:&quot;&quot;,&quot;right&quot;:&quot;&quot;,&quot;bottom&quot;:&quot;&quot;,&quot;left&quot;:&quot;&quot;,&quot;isLinked&quot;:true}}\" data-widget_type=\"grandeur_contact_us.default\">\n\t\t\t\t<div class=\"elementor-widget-container\">\n\t\t\t\t\t\t\n    <!-- contact-style-two -->\n    <section class=\"contact-style-two\">\n        <div class=\"auto-container\">\n            <div class=\"inner-container\">\n                <div class=\"title-inner\">\n                    <div class=\"row clearfix\">\n                                                <div class=\"col-lg-6 col-md-12 col-sm-12 title-column\">\n                            <div class=\"sec-title\">\n                                <span class=\"sub-title\">\u00c9crivez-nous<\/span>                                <h2>Envoyez-nous votre message<\/h2>                            <\/div>\n                        <\/div>\n                                                                        <div class=\"col-lg-6 col-md-12 col-sm-12 text-column\">\n                            <div class=\"text\">\n                                <p>Veuillez prendre contact avec nous via le formulaire ci-dessous. Nous nous r\u00e9jouissons d'avoir de vos nouvelles.<\/p>\n                            <\/div>\n                        <\/div>\n                                            <\/div>\n                <\/div>\n                                <div class=\"form-inner\">\n                    <div id=\"contact-form\">                        \n\t\t\t\t\t\t\n<div class=\"wpcf7 no-js\" id=\"wpcf7-f2099-o1\" lang=\"de-DE\" dir=\"ltr\" data-wpcf7-id=\"2099\">\n<div class=\"screen-reader-response\"><p role=\"status\" aria-live=\"polite\" aria-atomic=\"true\"><\/p> <ul><\/ul><\/div>\n<form action=\"\/fr\/wp-json\/wp\/v2\/pages\/62#wpcf7-f2099-o1\" method=\"post\" class=\"wpcf7-form init\" aria-label=\"Kontaktformular\" novalidate=\"novalidate\" data-status=\"init\" data-trp-original-action=\"\/fr\/wp-json\/wp\/v2\/pages\/62#wpcf7-f2099-o1\">\n<fieldset class=\"hidden-fields-container\"><input type=\"hidden\" name=\"_wpcf7\" value=\"2099\" \/><input type=\"hidden\" name=\"_wpcf7_version\" value=\"6.1.5\" \/><input type=\"hidden\" name=\"_wpcf7_locale\" value=\"de_DE\" \/><input type=\"hidden\" name=\"_wpcf7_unit_tag\" value=\"wpcf7-f2099-o1\" \/><input type=\"hidden\" name=\"_wpcf7_container_post\" value=\"0\" \/><input type=\"hidden\" name=\"_wpcf7_posted_data_hash\" value=\"\" \/>\n<\/fieldset>\n<div class=\"row clearfix\">\n\t<div class=\"col-lg-6 col-md-6 col-sm-12 single-column\">\n\t\t<div class=\"form-group\">\n\t\t\t<p><i class=\"fa-solid fa-circle-user\"><\/i><span class=\"wpcf7-form-control-wrap\" data-name=\"text-60\"><input size=\"40\" maxlength=\"400\" class=\"wpcf7-form-control wpcf7-text wpcf7-validates-as-required\" aria-required=\"true\" aria-invalid=\"false\" placeholder=\"Votre nom\" value=\"\" type=\"text\" name=\"text-60\" \/><\/span>\n\t\t\t<\/p>\n\t\t<\/div>\n\t<\/div>\n\t<div class=\"col-lg-6 col-md-6 col-sm-12 single-column\">\n\t\t<div class=\"form-group\">\n\t\t\t<p><i class=\"fa-solid fa-envelope\"><\/i><span class=\"wpcf7-form-control-wrap\" data-name=\"email-224\"><input size=\"40\" maxlength=\"400\" class=\"wpcf7-form-control wpcf7-email wpcf7-validates-as-required wpcf7-text wpcf7-validates-as-email\" aria-required=\"true\" aria-invalid=\"false\" placeholder=\"Adresse e-mail\" value=\"\" type=\"email\" name=\"email-224\" \/><\/span>\n\t\t\t<\/p>\n\t\t<\/div>\n\t<\/div>\n\t<div class=\"col-lg-6 col-md-6 col-sm-12 single-column\">\n\t\t<div class=\"form-group\">\n\t\t\t<p><i class=\"fa-solid fa-phone-flip\"><\/i><span class=\"wpcf7-form-control-wrap\" data-name=\"text-486\"><input size=\"40\" maxlength=\"400\" class=\"wpcf7-form-control wpcf7-text wpcf7-validates-as-required\" aria-required=\"true\" aria-invalid=\"false\" placeholder=\"Mob. Num\u00e9ro de t\u00e9l\u00e9phone\" value=\"\" type=\"text\" name=\"text-486\" \/><\/span>\n\t\t\t<\/p>\n\t\t<\/div>\n\t<\/div>\n<\/div>\n<div class=\"col-lg-12 col-md-12 col-sm-12 single-column\">\n\t<div class=\"form-group\">\n\t\t<p><i class=\"fa-sharp fa-solid fa-text-width\"><\/i><span class=\"wpcf7-form-control-wrap\" data-name=\"textarea-779\"><textarea cols=\"40\" rows=\"10\" maxlength=\"2000\" class=\"wpcf7-form-control wpcf7-textarea wpcf7-validates-as-required\" aria-required=\"true\" aria-invalid=\"false\" placeholder=\"Message...\" name=\"textarea-779\"><\/textarea><\/span>\n\t\t<\/p>\n\t<\/div>\n<\/div>\n<div class=\"col-lg-12 col-md-12 col-sm-12 single-column\">\n\t<div class=\"form-group message-btn centred\">\n\t\t<p><button type=\"submit\" class=\"theme-btn btn-one\" name=\"submit-form\">Envoyer un message<\/button>\n\t\t<\/p>\n\t<\/div>\n<\/div><div class=\"wpcf7-response-output\" aria-hidden=\"true\"><\/div>\n<input type=\"hidden\" name=\"trp-form-language\" value=\"fr\"\/><\/form>\n<\/div>\n                    <\/div>                    \n                <\/div>\n                            <\/div>\n        <\/div>\n    <\/section>\n    <!-- contact-style-two end -->\n                     \n      \t\t\t\t<\/div>\n\t\t\t\t<\/div>\n\t\t\t\t\t<\/div>\n\t\t<\/div>\n\t\t\t\t\t<\/div>\n\t\t<\/section>\n\t\t\t\t<\/div>","protected":false},"excerpt":{"rendered":"<p>Standort Rue Mimouza Nr. 11 Lot Saint Margarete 15425 Khemisset Marokko Finden Sie uns auf der Karte Eine Mail senden Senden Sie Ihre E-Mail f\u00fcr allgemeine Anfragen. info@marokkoferien.ch Schreiben Sie uns Senden Sie uns Ihre Nachricht Bitte nehmen Sie \u00fcber das untenstehende Formular Kontakt mit uns auf. Wir freuen uns, von Ihnen zu h\u00f6ren. Nachricht [&hellip;]<\/p>\n","protected":false},"author":1,"featured_media":0,"parent":0,"menu_order":0,"comment_status":"closed","ping_status":"closed","template":"tpl-default-elementor.php","meta":{"pgc_sgb_lightbox_settings":"","footnotes":""},"class_list":["post-62","page","type-page","status-publish","hentry"],"_links":{"self":[{"href":"https:\/\/marokkoferien.ch\/fr\/wp-json\/wp\/v2\/pages\/62","targetHints":{"allow":["GET"]}}],"collection":[{"href":"https:\/\/marokkoferien.ch\/fr\/wp-json\/wp\/v2\/pages"}],"about":[{"href":"https:\/\/marokkoferien.ch\/fr\/wp-json\/wp\/v2\/types\/page"}],"author":[{"embeddable":true,"href":"https:\/\/marokkoferien.ch\/fr\/wp-json\/wp\/v2\/users\/1"}],"replies":[{"embeddable":true,"href":"https:\/\/marokkoferien.ch\/fr\/wp-json\/wp\/v2\/comments?post=62"}],"version-history":[{"count":35,"href":"https:\/\/marokkoferien.ch\/fr\/wp-json\/wp\/v2\/pages\/62\/revisions"}],"predecessor-version":[{"id":3112,"href":"https:\/\/marokkoferien.ch\/fr\/wp-json\/wp\/v2\/pages\/62\/revisions\/3112"}],"wp:attachment":[{"href":"https:\/\/marokkoferien.ch\/fr\/wp-json\/wp\/v2\/media?parent=62"}],"curies":[{"name":"wp","href":"https:\/\/api.w.org\/{rel}","templated":true}]}}